{"id":8380,"date":"2024-05-20T13:29:05","date_gmt":"2024-05-20T16:29:05","guid":{"rendered":"https:\/\/mundoonibus.com.br\/site\/?page_id=8380"},"modified":"2024-12-03T14:19:38","modified_gmt":"2024-12-03T17:19:38","slug":"sobre","status":"publish","type":"page","link":"https:\/\/mundoonibus.com.br\/site\/sobre\/","title":{"rendered":"Sobre"},"content":{"rendered":"\n<p>Se voc\u00ea lembra dos sites <strong>\u00d4nibus de Gaspar<\/strong> ou <strong>\u00d4nibus do Vale<\/strong>, j\u00e1 leu nossos textos ou viu fotos de nossa autoria. Estes espa\u00e7os surgiram em 2008 e foram descontinuados em 2013, ano em que criamos o <strong>Mundo \u00d4nibus<\/strong>.<\/p>\n\n\n\n<p>O <strong>Mundo \u00d4nibus<\/strong> oferece conte\u00fados exclusivos e de qualidade. Para isso, conta com <strong>dados hist\u00f3ricos<\/strong> a respeito de <strong>empresas<\/strong> e <strong>sistemas de transporte<\/strong> al\u00e9m de trazer <strong>not\u00edcias<\/strong> relacionadas ao tema.<\/p>\n\n\n\n<h5 class=\"wp-block-heading\"><strong>Bem-vindo a Bordo!<\/strong><\/h5>\n\n\n\n<p>Desde nossa primeira fotografia &#8211; em novembro de 2007 &#8211; um extenso material vem sendo produzido e armazenado. Nosso objetivo \u00e9 disponibiliz\u00e1-los atrav\u00e9s do <strong>Mundo \u00d4nibus<\/strong>, visando criar um referencial hist\u00f3rico acerca do transporte coletivo.<\/p>\n\n\n\n<div class=\"wp-block-group\"><div class=\"wp-block-group__inner-container is-layout-constrained wp-block-group-is-layout-constrained\">\n<div class=\"wp-block-columns is-layout-flex wp-container-core-columns-is-layout-9d6595d7 wp-block-columns-is-layout-flex\">\n<div class=\"wp-block-column is-layout-flow wp-block-column-is-layout-flow\">\n<h3 class=\"wp-block-heading has-text-align-left\">Equipe<\/h3>\n\n\n\n<h5 class=\"wp-block-heading\">Editor<\/h5>\n\n\n\n<p>Lucas Amorim<\/p>\n\n\n\n<h5 class=\"wp-block-heading\">Colaboradores<\/h5>\n\n\n\n<p>Douglas Henrique<br>Gustavo Campos<br>Jo\u00e3o Ant\u00f4nio M\u00fcller<\/p>\n<\/div>\n\n\n\n<div class=\"wp-block-column is-vertically-aligned-top is-layout-flow wp-block-column-is-layout-flow\">\n<h3 class=\"wp-block-heading\">Agradecimentos<\/h3>\n\n\n\n<p>Adilson Krauss<br>Alexandre Francisco Gon\u00e7alves<br>Alexandre do Ros\u00e1rio<br>Andr\u00e9 Ponciano<br>Andreo Bernardo<br>Bruno Goulart<br>Diego Felipe da Costa<br>Egon Rohde<br>Fernando Souza<br>Luan dos Santos<br>Mateus Filipe Nascimento<br>Samuel Lemes<\/p>\n<\/div>\n<\/div>\n<\/div><\/div>\n","protected":false},"excerpt":{"rendered":"<p>Se voc\u00ea lembra dos sites \u00d4nibus de Gaspar ou \u00d4nibus do Vale, j\u00e1 leu nossos textos ou viu fotos de nossa autoria. Estes espa\u00e7os surgiram em 2008 e foram descontinuados em 2013, ano em que criamos o Mundo \u00d4nibus. O Mundo \u00d4nibus oferece conte\u00fados exclusivos e de qualidade. Para isso, conta com dados hist\u00f3ricos a&#8230;<\/p>\n","protected":false},"author":1,"featured_media":0,"parent":0,"menu_order":0,"comment_status":"closed","ping_status":"closed","template":"","meta":{"_kad_post_transparent":"","_kad_post_title":"","_kad_post_layout":"","_kad_post_sidebar_id":"","_kad_post_content_style":"","_kad_post_vertical_padding":"","_kad_post_feature":"","_kad_post_feature_position":"","_kad_post_header":false,"_kad_post_footer":false,"_kad_post_classname":"","footnotes":""},"class_list":["post-8380","page","type-page","status-publish","hentry"],"yoast_head":"<!-- This site is optimized with the Yoast SEO plugin v27.4 - https:\/\/yoast.com\/product\/yoast-seo-wordpress\/ -->\n<title>Sobre - Mundo \u00d4nibus<\/title>\n<meta name=\"robots\" content=\"index, follow, max-snippet:-1, max-image-preview:large, max-video-preview:-1\" \/>\n<link rel=\"canonical\" href=\"https:\/\/mundoonibus.com.br\/site\/sobre\/\" \/>\n<meta property=\"og:locale\" content=\"pt_BR\" \/>\n<meta property=\"og:type\" content=\"article\" \/>\n<meta property=\"og:title\" content=\"Sobre - Mundo \u00d4nibus\" \/>\n<meta property=\"og:description\" content=\"Se voc\u00ea lembra dos sites \u00d4nibus de Gaspar ou \u00d4nibus do Vale, j\u00e1 leu nossos textos ou viu fotos de nossa autoria. Estes espa\u00e7os surgiram em 2008 e foram descontinuados em 2013, ano em que criamos o Mundo \u00d4nibus. O Mundo \u00d4nibus oferece conte\u00fados exclusivos e de qualidade. Para isso, conta com dados hist\u00f3ricos a...\" \/>\n<meta property=\"og:url\" content=\"https:\/\/mundoonibus.com.br\/site\/sobre\/\" \/>\n<meta property=\"og:site_name\" content=\"Mundo \u00d4nibus\" \/>\n<meta property=\"article:modified_time\" content=\"2024-12-03T17:19:38+00:00\" \/>\n<meta name=\"twitter:card\" content=\"summary_large_image\" \/>\n<meta name=\"twitter:label1\" content=\"Est. tempo de leitura\" \/>\n\t<meta name=\"twitter:data1\" content=\"1 minuto\" \/>\n<script type=\"application\/ld+json\" class=\"yoast-schema-graph\">{\"@context\":\"https:\\\/\\\/schema.org\",\"@graph\":[{\"@type\":\"WebPage\",\"@id\":\"https:\\\/\\\/mundoonibus.com.br\\\/site\\\/sobre\\\/\",\"url\":\"https:\\\/\\\/mundoonibus.com.br\\\/site\\\/sobre\\\/\",\"name\":\"Sobre - Mundo \u00d4nibus\",\"isPartOf\":{\"@id\":\"https:\\\/\\\/mundoonibus.com.br\\\/site\\\/#website\"},\"datePublished\":\"2024-05-20T16:29:05+00:00\",\"dateModified\":\"2024-12-03T17:19:38+00:00\",\"breadcrumb\":{\"@id\":\"https:\\\/\\\/mundoonibus.com.br\\\/site\\\/sobre\\\/#breadcrumb\"},\"inLanguage\":\"pt-BR\",\"potentialAction\":[{\"@type\":\"ReadAction\",\"target\":[\"https:\\\/\\\/mundoonibus.com.br\\\/site\\\/sobre\\\/\"]}]},{\"@type\":\"BreadcrumbList\",\"@id\":\"https:\\\/\\\/mundoonibus.com.br\\\/site\\\/sobre\\\/#breadcrumb\",\"itemListElement\":[{\"@type\":\"ListItem\",\"position\":1,\"name\":\"In\u00edcio\",\"item\":\"https:\\\/\\\/mundoonibus.com.br\\\/site\\\/\"},{\"@type\":\"ListItem\",\"position\":2,\"name\":\"Sobre\"}]},{\"@type\":\"WebSite\",\"@id\":\"https:\\\/\\\/mundoonibus.com.br\\\/site\\\/#website\",\"url\":\"https:\\\/\\\/mundoonibus.com.br\\\/site\\\/\",\"name\":\"Mundo \u00d4nibus\",\"description\":\"Bem-vindo a Bordo!\",\"publisher\":{\"@id\":\"https:\\\/\\\/mundoonibus.com.br\\\/site\\\/#organization\"},\"potentialAction\":[{\"@type\":\"SearchAction\",\"target\":{\"@type\":\"EntryPoint\",\"urlTemplate\":\"https:\\\/\\\/mundoonibus.com.br\\\/site\\\/?s={search_term_string}\"},\"query-input\":{\"@type\":\"PropertyValueSpecification\",\"valueRequired\":true,\"valueName\":\"search_term_string\"}}],\"inLanguage\":\"pt-BR\"},{\"@type\":\"Organization\",\"@id\":\"https:\\\/\\\/mundoonibus.com.br\\\/site\\\/#organization\",\"name\":\"Mundo \u00d4nibus\",\"url\":\"https:\\\/\\\/mundoonibus.com.br\\\/site\\\/\",\"logo\":{\"@type\":\"ImageObject\",\"inLanguage\":\"pt-BR\",\"@id\":\"https:\\\/\\\/mundoonibus.com.br\\\/site\\\/#\\\/schema\\\/logo\\\/image\\\/\",\"url\":\"https:\\\/\\\/mundoonibus.com.br\\\/site\\\/wp-content\\\/uploads\\\/2021\\\/10\\\/Logo-H.png\",\"contentUrl\":\"https:\\\/\\\/mundoonibus.com.br\\\/site\\\/wp-content\\\/uploads\\\/2021\\\/10\\\/Logo-H.png\",\"width\":740,\"height\":139,\"caption\":\"Mundo \u00d4nibus\"},\"image\":{\"@id\":\"https:\\\/\\\/mundoonibus.com.br\\\/site\\\/#\\\/schema\\\/logo\\\/image\\\/\"}}]}<\/script>\n<!-- \/ Yoast SEO plugin. -->","yoast_head_json":{"title":"Sobre - Mundo \u00d4nibus","robots":{"index":"index","follow":"follow","max-snippet":"max-snippet:-1","max-image-preview":"max-image-preview:large","max-video-preview":"max-video-preview:-1"},"canonical":"https:\/\/mundoonibus.com.br\/site\/sobre\/","og_locale":"pt_BR","og_type":"article","og_title":"Sobre - Mundo \u00d4nibus","og_description":"Se voc\u00ea lembra dos sites \u00d4nibus de Gaspar ou \u00d4nibus do Vale, j\u00e1 leu nossos textos ou viu fotos de nossa autoria. Estes espa\u00e7os surgiram em 2008 e foram descontinuados em 2013, ano em que criamos o Mundo \u00d4nibus. O Mundo \u00d4nibus oferece conte\u00fados exclusivos e de qualidade. Para isso, conta com dados hist\u00f3ricos a...","og_url":"https:\/\/mundoonibus.com.br\/site\/sobre\/","og_site_name":"Mundo \u00d4nibus","article_modified_time":"2024-12-03T17:19:38+00:00","twitter_card":"summary_large_image","twitter_misc":{"Est. tempo de leitura":"1 minuto"},"schema":{"@context":"https:\/\/schema.org","@graph":[{"@type":"WebPage","@id":"https:\/\/mundoonibus.com.br\/site\/sobre\/","url":"https:\/\/mundoonibus.com.br\/site\/sobre\/","name":"Sobre - Mundo \u00d4nibus","isPartOf":{"@id":"https:\/\/mundoonibus.com.br\/site\/#website"},"datePublished":"2024-05-20T16:29:05+00:00","dateModified":"2024-12-03T17:19:38+00:00","breadcrumb":{"@id":"https:\/\/mundoonibus.com.br\/site\/sobre\/#breadcrumb"},"inLanguage":"pt-BR","potentialAction":[{"@type":"ReadAction","target":["https:\/\/mundoonibus.com.br\/site\/sobre\/"]}]},{"@type":"BreadcrumbList","@id":"https:\/\/mundoonibus.com.br\/site\/sobre\/#breadcrumb","itemListElement":[{"@type":"ListItem","position":1,"name":"In\u00edcio","item":"https:\/\/mundoonibus.com.br\/site\/"},{"@type":"ListItem","position":2,"name":"Sobre"}]},{"@type":"WebSite","@id":"https:\/\/mundoonibus.com.br\/site\/#website","url":"https:\/\/mundoonibus.com.br\/site\/","name":"Mundo \u00d4nibus","description":"Bem-vindo a Bordo!","publisher":{"@id":"https:\/\/mundoonibus.com.br\/site\/#organization"},"potentialAction":[{"@type":"SearchAction","target":{"@type":"EntryPoint","urlTemplate":"https:\/\/mundoonibus.com.br\/site\/?s={search_term_string}"},"query-input":{"@type":"PropertyValueSpecification","valueRequired":true,"valueName":"search_term_string"}}],"inLanguage":"pt-BR"},{"@type":"Organization","@id":"https:\/\/mundoonibus.com.br\/site\/#organization","name":"Mundo \u00d4nibus","url":"https:\/\/mundoonibus.com.br\/site\/","logo":{"@type":"ImageObject","inLanguage":"pt-BR","@id":"https:\/\/mundoonibus.com.br\/site\/#\/schema\/logo\/image\/","url":"https:\/\/mundoonibus.com.br\/site\/wp-content\/uploads\/2021\/10\/Logo-H.png","contentUrl":"https:\/\/mundoonibus.com.br\/site\/wp-content\/uploads\/2021\/10\/Logo-H.png","width":740,"height":139,"caption":"Mundo \u00d4nibus"},"image":{"@id":"https:\/\/mundoonibus.com.br\/site\/#\/schema\/logo\/image\/"}}]}},"_links":{"self":[{"href":"https:\/\/mundoonibus.com.br\/site\/wp-json\/wp\/v2\/pages\/8380","targetHints":{"allow":["GET"]}}],"collection":[{"href":"https:\/\/mundoonibus.com.br\/site\/wp-json\/wp\/v2\/pages"}],"about":[{"href":"https:\/\/mundoonibus.com.br\/site\/wp-json\/wp\/v2\/types\/page"}],"author":[{"embeddable":true,"href":"https:\/\/mundoonibus.com.br\/site\/wp-json\/wp\/v2\/users\/1"}],"replies":[{"embeddable":true,"href":"https:\/\/mundoonibus.com.br\/site\/wp-json\/wp\/v2\/comments?post=8380"}],"version-history":[{"count":18,"href":"https:\/\/mundoonibus.com.br\/site\/wp-json\/wp\/v2\/pages\/8380\/revisions"}],"predecessor-version":[{"id":11151,"href":"https:\/\/mundoonibus.com.br\/site\/wp-json\/wp\/v2\/pages\/8380\/revisions\/11151"}],"wp:attachment":[{"href":"https:\/\/mundoonibus.com.br\/site\/wp-json\/wp\/v2\/media?parent=8380"}],"curies":[{"name":"wp","href":"https:\/\/api.w.org\/{rel}","templated":true}]}}